{"id":5796,"date":"2019-05-07T20:32:35","date_gmt":"2019-05-07T20:32:35","guid":{"rendered":"https:\/\/gayrak.com\/?page_id=5796"},"modified":"2019-06-21T21:24:28","modified_gmt":"2019-06-21T21:24:28","slug":"hakkimizda","status":"publish","type":"page","link":"https:\/\/gayrak.com\/sr\/hakkimizda\/","title":{"rendered":"\u043e \u043d\u0430\u043c\u0430"},"content":{"rendered":"<p>[vc_row][vc_column width=&#8221;1\/3&#8243;][vc_single_image image=&#8221;5795&#8243; img_size=&#8221;full&#8221;][\/vc_column][vc_column width=&#8221;2\/3&#8243;][vc_column_text]<strong>GAYRAK \u0130N\u015eAAT<\/strong>\u00a0 je osnovao arhitekta \u0130zzettin Galip KARAMAN u Ankari 2002. godine. <span lang=\"BS-LATN-BA\">Firma je po\u010dela raditi kao vlasnik i izvo\u0111a\u010d radova na starim javnim projektima u godinama osnivanja. N<\/span>arednih godina, firma je radila izgradnji gra\u0111evinskih projekata kao \u0161to su fabrike, rezidencije, \u0161kole, visoke obrazovne ustanove, bolnice, infrastrukture, mostovi itd.<\/p>\n<p><strong>GAYRAK \u0130N\u015eAAT<\/strong>\u00a0nastavlja svoj put radovima sa armiranobetonskim infrastrukturnim i nadgradnim konstrukcijama, vanjskim oblogama i javnim ugovaranjem.<\/p>\n<p><strong>NA\u0160 CILJ;<\/strong><b><br \/>\n<\/b>Cilj nam je biti kompanija koja \u0107e dr\u017eali korak sa gra\u0111evinskom tehnologijom koja se razvija svaki dan, orjentisati se na ljude, raditi s principima i disciplinom te staviti zadovoljstvo klijenata na prvo mesto.[\/vc_column_text][\/vc_column][\/vc_row]<\/p>\n","protected":false},"excerpt":{"rendered":"<p>[vc_row][vc_column width=&#8221;1\/3&#8243;][vc_single_image image=&#8221;5795&#8243; img_size=&#8221;full&#8221;][\/vc_column][vc_column width=&#8221;2\/3&#8243;][vc_column_text]GAYRAK \u0130N\u015eAAT\u00a0 je osnovao arhitekta \u0130zzettin Galip KARAMAN u Ankari 2002. godine. Firma je po\u010dela raditi kao vlasnik i izvo\u0111a\u010d radova na starim javnim projektima u godinama osnivanja. Narednih godina, firma je radila izgradnji gra\u0111evinskih projekata kao \u0161to su fabrike, rezidencije, \u0161kole, visoke obrazovne ustanove, bolnice, infrastrukture, mostovi itd. GAYRAK \u0130N\u015eAAT\u00a0nastavlja [&hellip;]<\/p>\n","protected":false},"author":1,"featured_media":0,"parent":0,"menu_order":0,"comment_status":"closed","ping_status":"closed","template":"","meta":[],"_links":{"self":[{"href":"https:\/\/gayrak.com\/sr\/wp-json\/wp\/v2\/pages\/5796"}],"collection":[{"href":"https:\/\/gayrak.com\/sr\/wp-json\/wp\/v2\/pages"}],"about":[{"href":"https:\/\/gayrak.com\/sr\/wp-json\/wp\/v2\/types\/page"}],"author":[{"embeddable":true,"href":"https:\/\/gayrak.com\/sr\/wp-json\/wp\/v2\/users\/1"}],"replies":[{"embeddable":true,"href":"https:\/\/gayrak.com\/sr\/wp-json\/wp\/v2\/comments?post=5796"}],"version-history":[{"count":14,"href":"https:\/\/gayrak.com\/sr\/wp-json\/wp\/v2\/pages\/5796\/revisions"}],"predecessor-version":[{"id":6110,"href":"https:\/\/gayrak.com\/sr\/wp-json\/wp\/v2\/pages\/5796\/revisions\/6110"}],"wp:attachment":[{"href":"https:\/\/gayrak.com\/sr\/wp-json\/wp\/v2\/media?parent=5796"}],"curies":[{"name":"wp","href":"https:\/\/api.w.org\/{rel}","templated":true}]}}