{"id":6037,"date":"2019-06-06T08:26:29","date_gmt":"2019-06-06T08:26:29","guid":{"rendered":"https:\/\/gayrak.com\/?page_id=6037"},"modified":"2019-06-06T08:26:29","modified_gmt":"2019-06-06T08:26:29","slug":"yetkili-girisi","status":"publish","type":"page","link":"https:\/\/gayrak.com\/en\/yetkili-girisi\/","title":{"rendered":"Yetkili Giri\u015fi"},"content":{"rendered":"<p>[vc_row][vc_column][vc_column_text]<\/p>\n<p style=\"text-align: center;\"><span style=\"color: #ff0000;\"><strong>HATALI G\u0130R\u0130\u015e YAPTINIZ !<\/strong><\/span><\/p>\n<p style=\"text-align: center;\">Bu alana giri\u015f yetkiniz bulunmamaktad\u0131r. Web sitemizde d\u00fczenlenmesini istedi\u011finiz k\u0131s\u0131mlar\u0131 l\u00fctfen ileti\u015fim b\u00f6l\u00fcm\u00fcm\u00fczden bize iletiniz.<\/p>\n<p style=\"text-align: center;\">\u0130lginize te\u015fekk\u00fcr ederiz \/\u00a0<strong>Gayrak \u0130n\u015faat Bilgi \u0130\u015flem<br \/>\n<\/strong><br \/>\n\u0130leti\u015fim formumuza <strong><a href=\"https:\/\/gayrak.com\/iletisim\/\">&#8221;Buradan&#8221;<\/a><\/strong> ula\u015fabilirsiniz&#8230;<\/p>\n<p>[\/vc_column_text][\/vc_column][\/vc_row]<\/p>\n","protected":false},"excerpt":{"rendered":"<p>[vc_row][vc_column][vc_column_text] HATALI G\u0130R\u0130\u015e YAPTINIZ ! Bu alana giri\u015f yetkiniz bulunmamaktad\u0131r. Web sitemizde d\u00fczenlenmesini istedi\u011finiz k\u0131s\u0131mlar\u0131 l\u00fctfen ileti\u015fim b\u00f6l\u00fcm\u00fcm\u00fczden bize iletiniz. \u0130lginize te\u015fekk\u00fcr ederiz \/\u00a0Gayrak \u0130n\u015faat Bilgi \u0130\u015flem \u0130leti\u015fim formumuza &#8221;Buradan&#8221; ula\u015fabilirsiniz&#8230; [\/vc_column_text][\/vc_column][\/vc_row]<\/p>\n","protected":false},"author":1,"featured_media":0,"parent":0,"menu_order":0,"comment_status":"closed","ping_status":"closed","template":"","meta":[],"_links":{"self":[{"href":"https:\/\/gayrak.com\/en\/wp-json\/wp\/v2\/pages\/6037"}],"collection":[{"href":"https:\/\/gayrak.com\/en\/wp-json\/wp\/v2\/pages"}],"about":[{"href":"https:\/\/gayrak.com\/en\/wp-json\/wp\/v2\/types\/page"}],"author":[{"embeddable":true,"href":"https:\/\/gayrak.com\/en\/wp-json\/wp\/v2\/users\/1"}],"replies":[{"embeddable":true,"href":"https:\/\/gayrak.com\/en\/wp-json\/wp\/v2\/comments?post=6037"}],"version-history":[{"count":2,"href":"https:\/\/gayrak.com\/en\/wp-json\/wp\/v2\/pages\/6037\/revisions"}],"predecessor-version":[{"id":6039,"href":"https:\/\/gayrak.com\/en\/wp-json\/wp\/v2\/pages\/6037\/revisions\/6039"}],"wp:attachment":[{"href":"https:\/\/gayrak.com\/en\/wp-json\/wp\/v2\/media?parent=6037"}],"curies":[{"name":"wp","href":"https:\/\/api.w.org\/{rel}","templated":true}]}}